{"id":3673,"date":"2021-09-12T20:10:51","date_gmt":"2021-09-12T19:10:51","guid":{"rendered":"https:\/\/cg-ludwigsburg.de\/cms\/?page_id=3673"},"modified":"2025-08-26T11:33:04","modified_gmt":"2025-08-26T10:33:04","slug":"konferenzanmeldung","status":"publish","type":"page","link":"https:\/\/cg-ludwigsburg.de\/cms\/?page_id=3673","title":{"rendered":"Konferenzanmeldung 25"},"content":{"rendered":"<div data-colibri-id=\"3673-c1\" class=\"style-2089 style-local-3673-c1 position-relative\">\n  <!---->\n  <div data-colibri-component=\"section\" data-colibri-id=\"3673-c2\" id=\"reusable-sections\" class=\"h-section h-section-global-spacing d-flex align-items-lg-center align-items-md-center align-items-center style-2090 style-local-3673-c2 position-relative\">\n    <!---->\n    <!---->\n    <div class=\"h-section-grid-container h-section-boxed-container\">\n      <!---->\n      <div data-colibri-id=\"3673-c3\" class=\"h-row-container gutters-row-lg-2 gutters-row-md-2 gutters-row-0 gutters-row-v-lg-2 gutters-row-v-md-2 gutters-row-v-2 style-2091 style-local-3673-c3 position-relative\">\n        <!---->\n        <div class=\"h-row justify-content-lg-center justify-content-md-center justify-content-center align-items-lg-stretch align-items-md-stretch align-items-stretch gutters-col-lg-2 gutters-col-md-2 gutters-col-0 gutters-col-v-lg-2 gutters-col-v-md-2 gutters-col-v-2\">\n          <!---->\n          <div class=\"h-column h-column-container d-flex h-col-lg-auto h-col-md-auto h-col-auto style-2092-outer style-local-3673-c4-outer\">\n            <div data-colibri-id=\"3673-c4\" class=\"d-flex h-flex-basis h-column__inner h-px-lg-2 h-px-md-2 h-px-2 v-inner-lg-2 v-inner-md-2 v-inner-2 style-2092 style-local-3673-c4 position-relative\">\n              <!---->\n              <!---->\n              <div class=\"w-100 h-y-container h-column__content h-column__v-align flex-basis-100 align-self-lg-start align-self-md-start align-self-start\">\n                <!---->\n                <div data-colibri-id=\"3673-c5\" class=\"h-x-container style-2093 style-local-3673-c5 position-relative h-element\">\n                  <!---->\n                  <div class=\"h-x-container-inner style-dynamic-3673-c5-group style-2093-spacing style-local-3673-c5-spacing\"><span class=\"h-link__outer style-2094-outer style-local-3673-c6-outer d-inline-flex h-element\"><a h-use-smooth-scroll=\"true\" href=\"https:\/\/cg-ludwigsburg.de\/cms\"  data-colibri-id=\"3673-c6\" class=\"d-flex w-100 align-items-center h-link style-2094 style-local-3673-c6 position-relative\"><!----><span  class=\"h-svg-icon h-link__icon style-2094-icon style-local-3673-c6-icon\"><!--Icon by Font Awesome (https:\/\/fontawesome.com)-->\n    <svg version=\"1.1\" xmlns=\"http:\/\/www.w3.org\/2000\/svg\" xmlns:xlink=\"http:\/\/www.w3.org\/1999\/xlink\" id=\"arrow-left\" viewBox=\"0 0 1536 1896.0833\">\n      <path d=\"M1536 896v128q0 53-32.5 90.5T1419 1152H715l293 294q38 36 38 90t-38 90l-75 76q-37 37-90 37-52 0-91-37l-651-652q-37-37-37-90 0-52 37-91l651-650q38-38 91-38 52 0 90 38l75 74q38 38 38 91t-38 91L715 768h704q52 0 84.5 37.5T1536 896z\"><\/path>\n    <\/svg><\/span> <span>zur\u00fcck<\/span><\/a>\n                    <\/span>\n                  <\/div>\n                <\/div>\n                <div data-colibri-id=\"3673-c7\" class=\"h-text h-text-component style-2095 style-local-3673-c7 position-relative h-element\">\n                  <!---->\n                  <!---->\n                  <div class=\"\">\n                    <p>Konferenzanmeldung<\/p>\n                  <\/div>\n                <\/div>\n                <div data-colibri-id=\"3673-c8\" class=\"h-text h-text-component style-2096 style-local-3673-c8 position-relative h-element\">\n                  <!---->\n                  <!---->\n                  <div class=\"\">\n                    <p>Wir freuen uns sehr, wenn Sie Interesse an unserer Bibelkonferenz haben. Sie k\u00f6nnen sich \u00fcber dieses Formular zu unserer Konferenz am Freitag 03.10.2025 anmelden.\n                      <br>\n                    <\/p>\n                  <\/div>\n                <\/div>\n                <div data-colibri-id=\"3673-c9\" class=\"h-row-container gutters-row-lg-0 gutters-row-md-0 gutters-row-0 gutters-row-v-lg-0 gutters-row-v-md-0 gutters-row-v-0 style-2097 style-local-3673-c9 position-relative\">\n                  <!---->\n                  <div class=\"h-row justify-content-lg-center justify-content-md-center justify-content-center align-items-lg-stretch align-items-md-stretch align-items-stretch gutters-col-lg-0 gutters-col-md-0 gutters-col-0 gutters-col-v-lg-0 gutters-col-v-md-0 gutters-col-v-0\">\n                    <!---->\n                    <div class=\"h-column h-column-container d-flex h-col-lg-auto h-col-md-auto h-col-auto style-2098-outer style-local-3673-c10-outer\">\n                      <div data-colibri-id=\"3673-c10\" class=\"d-flex h-flex-basis h-column__inner h-px-lg-0 h-px-md-0 h-px-0 v-inner-lg-0 v-inner-md-0 v-inner-0 style-2098 style-local-3673-c10 position-relative\">\n                        <!---->\n                        <!---->\n                        <div class=\"w-100 h-y-container h-column__content h-column__v-align flex-basis-100 align-self-lg-center align-self-md-center align-self-center\">\n                          <!---->\n                          <div data-colibri-id=\"3673-c11\" class=\"h-global-transition-all h-heading style-2099 style-local-3673-c11 position-relative h-element\">\n                            <!---->\n                            <div class=\"h-heading__outer style-2099 style-local-3673-c11\">\n                              <!---->\n                              <!---->\n                              <h4 class=\"\">Kontakt Information<\/h4>\n                            <\/div>\n                          <\/div>\n                          <div data-colibri-id=\"3673-c12\" class=\"h-icon style-2100 style-local-3673-c12 position-relative h-element\">\n                            <!----><span class=\"h-svg-icon h-icon__icon style-2100-icon style-local-3673-c12-icon\"><!--Icon by Font Awesome (https:\/\/fontawesome.com)-->\n    <svg version=\"1.1\" xmlns=\"http:\/\/www.w3.org\/2000\/svg\" xmlns:xlink=\"http:\/\/www.w3.org\/1999\/xlink\" id=\"envelope-o\" viewBox=\"0 0 1792 1896.0833\">\n      <path d=\"M1664 1504V736q-32 36-69 66-268 206-426 338-51 43-83 67t-86.5 48.5T897 1280h-2q-48 0-102.5-24.5T706 1207t-83-67q-158-132-426-338-37-30-69-66v768q0 13 9.5 22.5t22.5 9.5h1472q13 0 22.5-9.5t9.5-22.5zm0-1051v-24.5l-.5-13-3-12.5-5.5-9-9-7.5-14-2.5H160q-13 0-22.5 9.5T128 416q0 168 147 284 193 152 401 317 6 5 35 29.5t46 37.5 44.5 31.5T852 1143t43 9h2q20 0 43-9t50.5-27.5 44.5-31.5 46-37.5 35-29.5q208-165 401-317 54-43 100.5-115.5T1664 453zm128-37v1088q0 66-47 113t-113 47H160q-66 0-113-47T0 1504V416q0-66 47-113t113-47h1472q66 0 113 47t47 113z\"><\/path>\n    <\/svg><\/span><\/div>\n                          <div data-colibri-id=\"3673-c13\" class=\"h-global-transition-all h-heading style-2101 style-local-3673-c13 position-relative h-element\">\n                            <!---->\n                            <div class=\"h-heading__outer style-2101 style-local-3673-c13\">\n                              <!---->\n                              <!---->\n                              <h5 class=\"\">f\u00fcllen Sie das Formular aus, oder schicken Sie eine Mail an:<\/h5>\n                            <\/div>\n                          <\/div>\n                          <div data-colibri-id=\"3673-c14\" class=\"h-x-container style-2102 style-local-3673-c14 position-relative h-element\">\n                            <!---->\n                            <div class=\"h-x-container-inner style-dynamic-3673-c14-group style-2102-spacing style-local-3673-c14-spacing\"><span class=\"h-link__outer style-2103-outer style-local-3673-c15-outer d-inline-flex h-element\"><a h-use-smooth-scroll=\"true\" href=\"mailto:info@cg-ludwigsburg.de\"  data-colibri-id=\"3673-c15\" class=\"d-flex w-100 align-items-center h-link style-2103 style-local-3673-c15 position-relative\"><!----><span  class=\"h-svg-icon h-link__icon style-2103-icon style-local-3673-c15-icon\"><!--Icon by Font Awesome (https:\/\/fontawesome.com)-->\n    <svg version=\"1.1\" xmlns=\"http:\/\/www.w3.org\/2000\/svg\" xmlns:xlink=\"http:\/\/www.w3.org\/1999\/xlink\" id=\"send-o\" viewBox=\"0 0 1792.003 1896.0833\">\n      <path d=\"M1764.003 11q33 24 27 64l-256 1536q-5 29-32 45-14 8-31 8-11 0-24-5l-527-215-298 327q-18 21-47 21-14 0-23-4-19-7-30-23.5t-11-36.5v-452l-472-193q-37-14-40-55-3-39 32-59l1664-960q35-21 68 2zm-342 1499l221-1323-1434 827 336 137 863-639-478 797z\"><\/path>\n    <\/svg><\/span> <span>info@cg-ludwigsburg.de<\/span><\/a>\n                              <\/span>\n                            <\/div>\n                          <\/div>\n                        <\/div>\n                      <\/div>\n                    <\/div>\n                    <div class=\"h-column h-column-container d-flex h-col-lg-auto h-col-md-auto h-col-auto style-2104-outer style-local-3673-c16-outer\">\n                      <div data-colibri-id=\"3673-c16\" class=\"d-flex h-flex-basis h-column__inner h-px-lg-0 h-px-md-0 h-px-0 v-inner-lg-0 v-inner-md-0 v-inner-0 style-2104 style-local-3673-c16 position-relative\">\n                        <!---->\n                        <!---->\n                        <div class=\"w-100 h-y-container h-column__content h-column__v-align flex-basis-100 align-self-lg-center align-self-md-center align-self-center\">\n                          <!---->\n                          <div data-colibri-id=\"3673-c17\" class=\"style-2105 style-local-3673-c17 position-relative h-element\">\n                            <!---->\n                            <div class=\"h-global-transition-all h-global-transition h-global-transition-all h-contact-form-shortcode\">\n<div class=\"wpcf7 no-js\" id=\"wpcf7-f7671-o1\" lang=\"de-DE\" dir=\"ltr\" data-wpcf7-id=\"7671\">\n<div class=\"screen-reader-response\"><p role=\"status\" aria-live=\"polite\" aria-atomic=\"true\"><\/p> <ul><\/ul><\/div>\n<form action=\"\/cms\/index.php?rest_route=%2Fwp%2Fv2%2Fpages%2F3673#wpcf7-f7671-o1\" method=\"post\" class=\"wpcf7-form init\" aria-label=\"Kontaktformular\" novalidate=\"novalidate\" data-status=\"init\">\n<fieldset class=\"hidden-fields-container\"><input type=\"hidden\" name=\"_wpcf7\" value=\"7671\" \/><input type=\"hidden\" name=\"_wpcf7_version\" value=\"6.1.5\" \/><input type=\"hidden\" name=\"_wpcf7_locale\" value=\"de_DE\" \/><input type=\"hidden\" name=\"_wpcf7_unit_tag\" value=\"wpcf7-f7671-o1\" \/><input type=\"hidden\" name=\"_wpcf7_container_post\" value=\"0\" \/><input type=\"hidden\" name=\"_wpcf7_posted_data_hash\" value=\"\" \/><input type=\"hidden\" name=\"_wpcf7_recaptcha_response\" value=\"\" \/>\n<\/fieldset>\n<p>Vorname*\n<\/p>\n<p><span class=\"wpcf7-form-control-wrap\" data-name=\"your-name\"><input size=\"40\" maxlength=\"400\" class=\"wpcf7-form-control wpcf7-text wpcf7-validates-as-required\" aria-required=\"true\" aria-invalid=\"false\" value=\"\" type=\"text\" name=\"your-name\" \/><\/span>\n<\/p>\n<p>Nachname*\n<\/p>\n<p><span class=\"wpcf7-form-control-wrap\" data-name=\"Nachname\"><input size=\"40\" maxlength=\"400\" class=\"wpcf7-form-control wpcf7-text wpcf7-validates-as-required\" aria-required=\"true\" aria-invalid=\"false\" value=\"\" type=\"text\" name=\"Nachname\" \/><\/span>\n<\/p>\n<p>Stra\u00dfe \/ Nr.*\n<\/p>\n<p><span class=\"wpcf7-form-control-wrap\" data-name=\"Strasse\"><input size=\"40\" maxlength=\"400\" class=\"wpcf7-form-control wpcf7-text wpcf7-validates-as-required\" aria-required=\"true\" aria-invalid=\"false\" value=\"\" type=\"text\" name=\"Strasse\" \/><\/span>\n<\/p>\n<p>PLZ*\n<\/p>\n<p><span class=\"wpcf7-form-control-wrap\" data-name=\"PLZ\"><input size=\"40\" maxlength=\"400\" class=\"wpcf7-form-control wpcf7-text wpcf7-validates-as-required\" aria-required=\"true\" aria-invalid=\"false\" value=\"\" type=\"text\" name=\"PLZ\" \/><\/span>\n<\/p>\n<p>Ort*\n<\/p>\n<p><span class=\"wpcf7-form-control-wrap\" data-name=\"Ort\"><input size=\"40\" maxlength=\"400\" class=\"wpcf7-form-control wpcf7-text wpcf7-validates-as-required\" aria-required=\"true\" aria-invalid=\"false\" value=\"\" type=\"text\" name=\"Ort\" \/><\/span>\n<\/p>\n<p>E-Mail-Adresse*\n<\/p>\n<p><span class=\"wpcf7-form-control-wrap\" data-name=\"your-email\"><input size=\"40\" maxlength=\"400\" class=\"wpcf7-form-control wpcf7-email wpcf7-validates-as-required wpcf7-text wpcf7-validates-as-email\" aria-required=\"true\" aria-invalid=\"false\" value=\"\" type=\"email\" name=\"your-email\" \/><\/span>\n<\/p>\n<p>Teilnehmeranzahl Erwachsene (plus Kinder \u00e4lter 10 Jahre)*\n<\/p>\n<p><span class=\"wpcf7-form-control-wrap\" data-name=\"Teilnehmeranzahl\"><input size=\"40\" maxlength=\"400\" class=\"wpcf7-form-control wpcf7-text wpcf7-validates-as-required\" aria-required=\"true\" aria-invalid=\"false\" value=\"\" type=\"text\" name=\"Teilnehmeranzahl\" \/><\/span>\n<\/p>\n<p>Anzahl der Kinder von 4 - 10 Jahren (Kinderbetreuung)\n<\/p>\n<p><span class=\"wpcf7-form-control-wrap\" data-name=\"Kinderanzahl\"><input size=\"40\" maxlength=\"400\" class=\"wpcf7-form-control wpcf7-text\" aria-invalid=\"false\" value=\"\" type=\"text\" name=\"Kinderanzahl\" \/><\/span>\n<\/p>\n<p>Anzahl der Kinder unter 4 Jahre\n<\/p>\n<p><span class=\"wpcf7-form-control-wrap\" data-name=\"Kleinkinder\"><input size=\"40\" maxlength=\"400\" class=\"wpcf7-form-control wpcf7-text\" aria-invalid=\"false\" value=\"\" type=\"text\" name=\"Kleinkinder\" \/><\/span>\n<\/p>\n<p>Bemerkungen\/Frage\n<\/p>\n<p><span class=\"wpcf7-form-control-wrap\" data-name=\"your-message\"><textarea cols=\"40\" rows=\"10\" maxlength=\"2000\" class=\"wpcf7-form-control wpcf7-textarea\" aria-invalid=\"false\" name=\"your-message\"><\/textarea><\/span>\n<\/p>\n<p><span class=\"wpcf7-form-control-wrap\" data-name=\"checkbox-613\"><span class=\"wpcf7-form-control wpcf7-checkbox\"><span class=\"wpcf7-list-item first last\"><label><input type=\"checkbox\" name=\"checkbox-613[]\" value=\"Ich stimme der Speicherung der Daten zu, um f\u00fcr zuk\u00fcnftige Veranstalltungen eine Einladung zu erhalten.\" \/><span class=\"wpcf7-list-item-label\">Ich stimme der Speicherung der Daten zu, um f\u00fcr zuk\u00fcnftige Veranstalltungen eine Einladung zu erhalten.<\/span><\/label><\/span><\/span><\/span>\n<\/p>\n<p><input class=\"wpcf7-form-control wpcf7-submit has-spinner\" type=\"submit\" value=\"Senden\" \/>\n<\/p><p style=\"display: none !important;\" class=\"akismet-fields-container\" data-prefix=\"_wpcf7_ak_\"><label>&#916;<textarea name=\"_wpcf7_ak_hp_textarea\" cols=\"45\" rows=\"8\" maxlength=\"100\"><\/textarea><\/label><input type=\"hidden\" id=\"ak_js_1\" name=\"_wpcf7_ak_js\" value=\"15\"\/><script>document.getElementById( \"ak_js_1\" ).setAttribute( \"value\", ( new Date() ).getTime() );<\/script><\/p><div class=\"wpcf7-response-output\" aria-hidden=\"true\"><\/div>\n<\/form>\n<\/div>\n<\/div>\n                          <\/div>\n                        <\/div>\n                      <\/div>\n                    <\/div>\n                  <\/div>\n                <\/div>\n                <div data-colibri-id=\"3673-c18\" class=\"h-text h-text-component style-2106 style-local-3673-c18 position-relative h-element\">\n                  <!---->\n                  <!---->\n                  <div class=\"\">\n                    <p><strong>Dauer der Speicherung der personenbezogenen Daten <\/strong>\n                      <br>Ihre personenbezogenen Daten werden nach Durchf\u00fchrung der Veranstaltung gel\u00f6scht. <strong>Ausnahme<\/strong>: Sie haben der Speicherung der Daten zugestimmt, um f\u00fcr zuk\u00fcnftige Veranstalltungen eine Einladung zu erhalten.<\/p>\n                  <\/div>\n                <\/div>\n                <div data-colibri-id=\"3673-c19\" class=\"h-x-container style-2107 style-local-3673-c19 position-relative h-element\">\n                  <!---->\n                  <div class=\"h-x-container-inner style-dynamic-3673-c19-group style-2107-spacing style-local-3673-c19-spacing\"><span class=\"h-link__outer style-2108-outer style-local-3673-c20-outer d-inline-flex h-element\"><a h-use-smooth-scroll=\"true\" href=\"https:\/\/cg-ludwigsburg.de\/cms\"  data-colibri-id=\"3673-c20\" class=\"d-flex w-100 align-items-center h-link style-2108 style-local-3673-c20 position-relative\"><!----><span  class=\"h-svg-icon h-link__icon style-2108-icon style-local-3673-c20-icon\"><!--Icon by Font Awesome (https:\/\/fontawesome.com)-->\n    <svg version=\"1.1\" xmlns=\"http:\/\/www.w3.org\/2000\/svg\" xmlns:xlink=\"http:\/\/www.w3.org\/1999\/xlink\" id=\"arrow-left\" viewBox=\"0 0 1536 1896.0833\">\n      <path d=\"M1536 896v128q0 53-32.5 90.5T1419 1152H715l293 294q38 36 38 90t-38 90l-75 76q-37 37-90 37-52 0-91-37l-651-652q-37-37-37-90 0-52 37-91l651-650q38-38 91-38 52 0 90 38l75 74q38 38 38 91t-38 91L715 768h704q52 0 84.5 37.5T1536 896z\"><\/path>\n    <\/svg><\/span> <span>zur\u00fcck<\/span><\/a>\n                    <\/span>\n                  <\/div>\n                <\/div>\n              <\/div>\n            <\/div>\n          <\/div>\n          <div class=\"h-column h-column-container d-flex h-col-lg-auto h-col-md-auto h-col-auto style-2109-outer style-local-3673-c21-outer\">\n            <div data-colibri-id=\"3673-c21\" class=\"d-flex h-flex-basis h-column__inner h-ui-empty-state-container h-px-lg-2 h-px-md-2 h-px-2 v-inner-lg-2 v-inner-md-2 v-inner-2 style-2109 style-local-3673-c21 position-relative\">\n              <!---->\n              <!---->\n              <div class=\"w-100 h-y-container h-column__content h-column__v-align flex-basis-100\">\n                <!---->\n              <\/div>\n            <\/div>\n          <\/div>\n          <div class=\"h-column h-column-container d-flex h-col-lg-auto h-col-md-auto h-col-auto style-2110-outer style-local-3673-c22-outer\">\n            <div data-colibri-id=\"3673-c22\" class=\"d-flex h-flex-basis h-column__inner h-px-lg-2 h-px-md-2 h-px-2 v-inner-lg-2 v-inner-md-2 v-inner-2 style-2110 style-local-3673-c22 position-relative\">\n              <!---->\n              <!---->\n              <div class=\"w-100 h-y-container h-column__content h-column__v-align flex-basis-100 align-self-lg-start align-self-md-start align-self-start\">\n                <!---->\n                <div data-colibri-id=\"3673-c23\" class=\"h-global-transition-all h-heading style-2111 style-local-3673-c23 position-relative h-element\">\n                  <!---->\n                  <div class=\"h-heading__outer style-2111 style-local-3673-c23\">\n                    <!---->\n                    <!---->\n                    <h2 class=\"\">Impuls f\u00fcr den Tag<\/h2>\n                  <\/div>\n                <\/div>\n                <div data-colibri-id=\"3673-c24\" class=\"h-text h-text-component style-2112 style-local-3673-c24 position-relative h-element\">\n                  <!---->\n                  <!---->\n                  <div class=\"\">\n                    <p>hier finden Sie einen kurzen nachdenklichen Text f\u00fcr jeden Tag.<\/p>\n                  <\/div>\n                <\/div>\n                <div data-colibri-id=\"3673-c25\" class=\"h-text h-text-component style-2113 style-local-3673-c25 position-relative h-element\">\n                  <!---->\n                  <!---->\n                  <div class=\"\">\n                    <p>Kalender &#8222;die Gute Saat&#8220;<\/p>\n                  <\/div>\n                <\/div>\n                <div data-colibri-id=\"3673-c26\" class=\"d-block style-2114 style-local-3673-c26 position-relative h-element\">\n                  <!---->\n                  <div class=\"h-image__frame-container-outer\">\n                    <a href=\"https:\/\/cg-ludwigsburg.de\/cms\/?page_id=83\" h-use-smooth-scroll=\"true\" class=\"image-link\">\n                      <div class=\"h-image__frame-container\">\n                        <!---->\n                        <!---->\n                        <img loading=\"lazy\" decoding=\"async\" width=\"380\" height=\"579\" src=\"https:\/\/cg-ludwigsburg.de\/cms\/wp-content\/uploads\/2025\/01\/cropped-cropped-cropped-cropped-cropped-cropped-Die-gute-Saat-2025.jpg\" class=\"wp-image-9084 style-2114-image style-local-3673-c26-image\" alt=\"\" srcset=\"https:\/\/cg-ludwigsburg.de\/cms\/wp-content\/uploads\/2025\/01\/cropped-cropped-cropped-cropped-cropped-cropped-Die-gute-Saat-2025.jpg 380w, https:\/\/cg-ludwigsburg.de\/cms\/wp-content\/uploads\/2025\/01\/cropped-cropped-cropped-cropped-cropped-cropped-Die-gute-Saat-2025-197x300.jpg 197w\" sizes=\"auto, (max-width: 380px) 100vw, 380px\" \/>\n                        <div class=\"h-image__frame h-hide-lg h-hide-md h-hide-sm style-2114-frameImage style-local-3673-c26-frameImage\"><\/div>\n                      <\/div>\n                    <\/a>\n                  <\/div>\n                <\/div>\n                <div data-colibri-id=\"3673-c27\" class=\"h-text h-text-component style-2115 style-local-3673-c27 position-relative h-element\">\n                  <!---->\n                  <!---->\n                  <div class=\"\">\n                    <p>Kalender &#8222;Leben ist mehr&#8220;<\/p>\n                  <\/div>\n                <\/div>\n                <div data-colibri-id=\"3673-c28\" class=\"d-block style-2116 style-local-3673-c28 position-relative h-element\">\n                  <!---->\n                  <div class=\"h-image__frame-container-outer\">\n                    <a href=\"https:\/\/www.lebenistmehr.de\/leben-ist-mehr.html\" target=\"_blank\" h-use-smooth-scroll=\"true\" class=\"image-link\">\n                      <div class=\"h-image__frame-container\">\n                        <!---->\n                        <!---->\n                        <img loading=\"lazy\" decoding=\"async\" width=\"861\" height=\"1330\" src=\"https:\/\/cg-ludwigsburg.de\/cms\/wp-content\/uploads\/2025\/01\/cropped-cropped-cropped-cropped-cropped-cropped-Leben-ist-mehr-2025.jpg\" class=\"wp-image-9092 style-2116-image style-local-3673-c28-image\" alt=\"\" srcset=\"https:\/\/cg-ludwigsburg.de\/cms\/wp-content\/uploads\/2025\/01\/cropped-cropped-cropped-cropped-cropped-cropped-Leben-ist-mehr-2025.jpg 861w, https:\/\/cg-ludwigsburg.de\/cms\/wp-content\/uploads\/2025\/01\/cropped-cropped-cropped-cropped-cropped-cropped-Leben-ist-mehr-2025-194x300.jpg 194w, https:\/\/cg-ludwigsburg.de\/cms\/wp-content\/uploads\/2025\/01\/cropped-cropped-cropped-cropped-cropped-cropped-Leben-ist-mehr-2025-663x1024.jpg 663w, https:\/\/cg-ludwigsburg.de\/cms\/wp-content\/uploads\/2025\/01\/cropped-cropped-cropped-cropped-cropped-cropped-Leben-ist-mehr-2025-768x1186.jpg 768w\" sizes=\"auto, (max-width: 861px) 100vw, 861px\" \/>\n                        <div class=\"h-image__frame h-hide-lg h-hide-md h-hide-sm style-2116-frameImage style-local-3673-c28-frameImage\"><\/div>\n                      <\/div>\n                    <\/a>\n                  <\/div>\n                <\/div>\n              <\/div>\n            <\/div>\n          <\/div>\n        <\/div>\n      <\/div>\n    <\/div>\n  <\/div>\n<\/div>","protected":false},"excerpt":{"rendered":"<p>zur\u00fcck Konferenzanmeldung Wir freuen uns sehr, wenn Sie Interesse an unserer Bibelkonferenz haben. Sie k\u00f6nnen sich \u00fcber dieses Formular zu unserer Konferenz am Freitag 03.10.2025 anmelden. Kontakt Information f\u00fcllen Sie das Formular aus, oder schicken Sie eine Mail an: info@cg-ludwigsburg.de Dauer der Speicherung der personenbezogenen Daten Ihre personenbezogenen Daten werden nach Durchf\u00fchrung der Veranstaltung gel\u00f6scht. [&hellip;]<\/p>\n","protected":false},"author":1,"featured_media":21,"parent":0,"menu_order":0,"comment_status":"closed","ping_status":"closed","template":"page-templates\/full-width-page.php","meta":{"footnotes":""},"class_list":["post-3673","page","type-page","status-publish","has-post-thumbnail","hentry"],"_links":{"self":[{"href":"https:\/\/cg-ludwigsburg.de\/cms\/index.php?rest_route=\/wp\/v2\/pages\/3673","targetHints":{"allow":["GET"]}}],"collection":[{"href":"https:\/\/cg-ludwigsburg.de\/cms\/index.php?rest_route=\/wp\/v2\/pages"}],"about":[{"href":"https:\/\/cg-ludwigsburg.de\/cms\/index.php?rest_route=\/wp\/v2\/types\/page"}],"author":[{"embeddable":true,"href":"https:\/\/cg-ludwigsburg.de\/cms\/index.php?rest_route=\/wp\/v2\/users\/1"}],"replies":[{"embeddable":true,"href":"https:\/\/cg-ludwigsburg.de\/cms\/index.php?rest_route=%2Fwp%2Fv2%2Fcomments&post=3673"}],"version-history":[{"count":20,"href":"https:\/\/cg-ludwigsburg.de\/cms\/index.php?rest_route=\/wp\/v2\/pages\/3673\/revisions"}],"predecessor-version":[{"id":9121,"href":"https:\/\/cg-ludwigsburg.de\/cms\/index.php?rest_route=\/wp\/v2\/pages\/3673\/revisions\/9121"}],"wp:featuredmedia":[{"embeddable":true,"href":"https:\/\/cg-ludwigsburg.de\/cms\/index.php?rest_route=\/wp\/v2\/media\/21"}],"wp:attachment":[{"href":"https:\/\/cg-ludwigsburg.de\/cms\/index.php?rest_route=%2Fwp%2Fv2%2Fmedia&parent=3673"}],"curies":[{"name":"wp","href":"https:\/\/api.w.org\/{rel}","templated":true}]}}