{"id":146,"date":"2020-10-21T11:33:05","date_gmt":"2020-10-21T09:33:05","guid":{"rendered":"https:\/\/cg-ludwigsburg.de\/cms\/?page_id=146"},"modified":"2025-01-11T18:10:01","modified_gmt":"2025-01-11T17:10:01","slug":"impressum","status":"publish","type":"page","link":"https:\/\/cg-ludwigsburg.de\/cms\/?page_id=146","title":{"rendered":"Impressum"},"content":{"rendered":"<div data-colibri-id=\"146-c1\" class=\"style-758 style-local-146-c1 position-relative\">\n  <!---->\n  <div data-colibri-component=\"section\" data-colibri-id=\"146-c2\" id=\"reusable-sections\" class=\"h-section h-section-global-spacing d-flex align-items-lg-center align-items-md-center align-items-center style-806 style-local-146-c2 position-relative\">\n    <!---->\n    <!---->\n    <div class=\"h-section-grid-container h-section-boxed-container\">\n      <!---->\n      <div data-colibri-id=\"146-c3\" class=\"h-row-container gutters-row-lg-2 gutters-row-md-2 gutters-row-0 gutters-row-v-lg-2 gutters-row-v-md-2 gutters-row-v-2 style-807 style-local-146-c3 position-relative\">\n        <!---->\n        <div class=\"h-row justify-content-lg-center justify-content-md-center justify-content-center align-items-lg-stretch align-items-md-stretch align-items-stretch gutters-col-lg-2 gutters-col-md-2 gutters-col-0 gutters-col-v-lg-2 gutters-col-v-md-2 gutters-col-v-2\">\n          <!---->\n          <div class=\"h-column h-column-container d-flex h-col-lg-auto h-col-md-auto h-col-auto style-808-outer style-local-146-c4-outer\">\n            <div data-colibri-id=\"146-c4\" class=\"d-flex h-flex-basis h-column__inner h-px-lg-2 h-px-md-2 h-px-2 v-inner-lg-2 v-inner-md-2 v-inner-2 style-808 style-local-146-c4 position-relative\">\n              <!---->\n              <!---->\n              <div class=\"w-100 h-y-container h-column__content h-column__v-align flex-basis-100 align-self-lg-start align-self-md-start align-self-start\">\n                <!---->\n                <div data-colibri-id=\"146-c5\" class=\"h-text h-text-component style-826 style-local-146-c5 position-relative h-element\">\n                  <!---->\n                  <!---->\n                  <div class=\"\">\n                    <p>Impressum<\/p>\n                  <\/div>\n                <\/div>\n                <div data-colibri-id=\"146-c6\" class=\"h-text h-text-component style-811 style-local-146-c6 position-relative h-element\">\n                  <!---->\n                  <!---->\n                  <div class=\"\">\n                    <p>verantwortlich im Sinne \u00a76 TDG<\/p>\n                    <p>Christliche Gemeinde Ludwigsburg-O\u00dfweil\n                      <br>Wikingerstr. 10\n                      <br>71640 Ludwigsburg O\u00dfweil\n                      <br>Web: www.cg-ludwigsburg.de\n                      <br>E-Mail: webmaster(at)cg-ludwigsburg.de<\/p>\n                    <p>\u00a9 by www.cg-ludwigsburg.de<\/p>\n                    <p>Aus rechtlichen Gr\u00fcnden noch folgender Hinweis: Wir verlinken auf eine Reihe von anderen Webseiten. Das hei\u00dft nicht notwendigerweise, dass wir auch mit den Inhalten dieser Seiten in allen Punkten \u00fcbereinstimmen.<\/p>\n                  <\/div>\n                <\/div>\n                <div data-colibri-id=\"146-c7\" class=\"h-x-container style-812 style-local-146-c7 position-relative h-element\">\n                  <!---->\n                  <div class=\"h-x-container-inner style-dynamic-146-c7-group style-812-spacing style-local-146-c7-spacing\"><span class=\"h-link__outer style-813-outer style-local-146-c8-outer d-inline-flex h-element\"><a h-use-smooth-scroll=\"true\" href=\"https:\/\/cg-ludwigsburg.de\/cms\"  data-colibri-id=\"146-c8\" class=\"d-flex w-100 align-items-center h-link style-813 style-local-146-c8 position-relative\"><!----><span  class=\"h-svg-icon h-link__icon style-813-icon style-local-146-c8-icon\"><!--Icon by Font Awesome (https:\/\/fontawesome.com)-->\n    <svg version=\"1.1\" xmlns=\"http:\/\/www.w3.org\/2000\/svg\" xmlns:xlink=\"http:\/\/www.w3.org\/1999\/xlink\" id=\"arrow-left\" viewBox=\"0 0 1536 1896.0833\">\n      <path d=\"M1536 896v128q0 53-32.5 90.5T1419 1152H715l293 294q38 36 38 90t-38 90l-75 76q-37 37-90 37-52 0-91-37l-651-652q-37-37-37-90 0-52 37-91l651-650q38-38 91-38 52 0 90 38l75 74q38 38 38 91t-38 91L715 768h704q52 0 84.5 37.5T1536 896z\"><\/path>\n    <\/svg><\/span> <span>zur\u00fcck<\/span><\/a>\n                    <\/span>\n                  <\/div>\n                <\/div>\n              <\/div>\n            <\/div>\n          <\/div>\n          <div class=\"h-column h-column-container d-flex h-col-lg-auto h-col-md-auto h-col-auto style-814-outer style-local-146-c9-outer\">\n            <div data-colibri-id=\"146-c9\" class=\"d-flex h-flex-basis h-column__inner h-ui-empty-state-container h-px-lg-2 h-px-md-2 h-px-2 v-inner-lg-2 v-inner-md-2 v-inner-2 style-814 style-local-146-c9 position-relative\">\n              <!---->\n              <!---->\n              <div class=\"w-100 h-y-container h-column__content h-column__v-align flex-basis-100\">\n                <!---->\n              <\/div>\n            <\/div>\n          <\/div>\n          <div class=\"h-column h-column-container d-flex h-col-lg-auto h-col-md-auto h-col-auto style-815-outer style-local-146-c10-outer\">\n            <div data-colibri-id=\"146-c10\" class=\"d-flex h-flex-basis h-column__inner h-px-lg-2 h-px-md-2 h-px-2 v-inner-lg-2 v-inner-md-2 v-inner-2 style-815 style-local-146-c10 position-relative\">\n              <!---->\n              <!---->\n              <div class=\"w-100 h-y-container h-column__content h-column__v-align flex-basis-100 align-self-lg-start align-self-md-start align-self-start\">\n                <!---->\n                <div data-colibri-id=\"146-c11\" class=\"h-global-transition-all h-heading style-816 style-local-146-c11 position-relative h-element\">\n                  <!---->\n                  <div class=\"h-heading__outer style-816 style-local-146-c11\">\n                    <!---->\n                    <!---->\n                    <h2 class=\"\">Impuls f\u00fcr den Tag<\/h2>\n                  <\/div>\n                <\/div>\n                <div data-colibri-id=\"146-c12\" class=\"h-text h-text-component style-817 style-local-146-c12 position-relative h-element\">\n                  <!---->\n                  <!---->\n                  <div class=\"\">\n                    <p>hier finden Sie einen kurzen nachdenklichen Text f\u00fcr jeden Tag.<\/p>\n                  <\/div>\n                <\/div>\n                <div data-colibri-id=\"146-c13\" class=\"h-text h-text-component style-818 style-local-146-c13 position-relative h-element\">\n                  <!---->\n                  <!---->\n                  <div class=\"\">\n                    <p>Kalender &#8222;die Gute Saat&#8220;<\/p>\n                  <\/div>\n                <\/div>\n                <div data-colibri-id=\"146-c14\" class=\"d-block style-819 style-local-146-c14 position-relative h-element\">\n                  <!---->\n                  <div class=\"h-image__frame-container-outer\">\n                    <a href=\"https:\/\/cg-ludwigsburg.de\/cms\/?page_id=83\" h-use-smooth-scroll=\"true\" class=\"image-link\">\n                      <div class=\"h-image__frame-container\">\n                        <!---->\n                        <!---->\n                        <img loading=\"lazy\" decoding=\"async\" width=\"380\" height=\"583\" src=\"https:\/\/cg-ludwigsburg.de\/cms\/wp-content\/uploads\/2025\/01\/cropped-cropped-cropped-cropped-Die-gute-Saat-2025.jpg\" class=\"wp-image-8253 style-819-image style-local-146-c14-image\" alt=\"\" srcset=\"https:\/\/cg-ludwigsburg.de\/cms\/wp-content\/uploads\/2025\/01\/cropped-cropped-cropped-cropped-Die-gute-Saat-2025.jpg 380w, https:\/\/cg-ludwigsburg.de\/cms\/wp-content\/uploads\/2025\/01\/cropped-cropped-cropped-cropped-Die-gute-Saat-2025-196x300.jpg 196w\" sizes=\"auto, (max-width: 380px) 100vw, 380px\" \/>\n                        <div class=\"h-image__frame h-hide-lg h-hide-md h-hide-sm style-819-frameImage style-local-146-c14-frameImage\"><\/div>\n                      <\/div>\n                    <\/a>\n                  <\/div>\n                <\/div>\n                <div data-colibri-id=\"146-c15\" class=\"h-text h-text-component style-820 style-local-146-c15 position-relative h-element\">\n                  <!---->\n                  <!---->\n                  <div class=\"\">\n                    <p>Kalender &#8222;Leben ist mehr&#8220;<\/p>\n                  <\/div>\n                <\/div>\n                <div data-colibri-id=\"146-c16\" class=\"d-block style-821 style-local-146-c16 position-relative h-element\">\n                  <!---->\n                  <div class=\"h-image__frame-container-outer\">\n                    <a href=\"https:\/\/www.lebenistmehr.de\/leben-ist-mehr.html\" target=\"_blank\" h-use-smooth-scroll=\"true\" class=\"image-link\">\n                      <div class=\"h-image__frame-container\">\n                        <!---->\n                        <!---->\n                        <img loading=\"lazy\" decoding=\"async\" width=\"864\" height=\"1341\" src=\"https:\/\/cg-ludwigsburg.de\/cms\/wp-content\/uploads\/2025\/01\/cropped-cropped-cropped-cropped-Leben-ist-mehr-2025.jpg\" class=\"wp-image-8255 style-821-image style-local-146-c16-image\" alt=\"\" srcset=\"https:\/\/cg-ludwigsburg.de\/cms\/wp-content\/uploads\/2025\/01\/cropped-cropped-cropped-cropped-Leben-ist-mehr-2025.jpg 864w, https:\/\/cg-ludwigsburg.de\/cms\/wp-content\/uploads\/2025\/01\/cropped-cropped-cropped-cropped-Leben-ist-mehr-2025-193x300.jpg 193w, https:\/\/cg-ludwigsburg.de\/cms\/wp-content\/uploads\/2025\/01\/cropped-cropped-cropped-cropped-Leben-ist-mehr-2025-660x1024.jpg 660w, https:\/\/cg-ludwigsburg.de\/cms\/wp-content\/uploads\/2025\/01\/cropped-cropped-cropped-cropped-Leben-ist-mehr-2025-768x1192.jpg 768w\" sizes=\"auto, (max-width: 864px) 100vw, 864px\" \/>\n                        <div class=\"h-image__frame h-hide-lg h-hide-md h-hide-sm style-821-frameImage style-local-146-c16-frameImage\"><\/div>\n                      <\/div>\n                    <\/a>\n                  <\/div>\n                <\/div>\n              <\/div>\n            <\/div>\n          <\/div>\n        <\/div>\n      <\/div>\n    <\/div>\n  <\/div>\n<\/div>","protected":false},"excerpt":{"rendered":"<p>Impressum verantwortlich im Sinne \u00a76 TDG Christliche Gemeinde Ludwigsburg-O\u00dfweil Wikingerstr. 10 71640 Ludwigsburg O\u00dfweil Web: www.cg-ludwigsburg.de E-Mail: webmaster(at)cg-ludwigsburg.de \u00a9 by www.cg-ludwigsburg.de Aus rechtlichen Gr\u00fcnden noch folgender Hinweis: Wir verlinken auf eine Reihe von anderen Webseiten. Das hei\u00dft nicht notwendigerweise, dass wir auch mit den Inhalten dieser Seiten in allen Punkten \u00fcbereinstimmen. zur\u00fcck Impuls f\u00fcr den [&hellip;]<\/p>\n","protected":false},"author":1,"featured_media":0,"parent":0,"menu_order":0,"comment_status":"closed","ping_status":"closed","template":"page-templates\/homepage.php","meta":{"footnotes":""},"class_list":["post-146","page","type-page","status-publish","hentry"],"_links":{"self":[{"href":"https:\/\/cg-ludwigsburg.de\/cms\/index.php?rest_route=\/wp\/v2\/pages\/146","targetHints":{"allow":["GET"]}}],"collection":[{"href":"https:\/\/cg-ludwigsburg.de\/cms\/index.php?rest_route=\/wp\/v2\/pages"}],"about":[{"href":"https:\/\/cg-ludwigsburg.de\/cms\/index.php?rest_route=\/wp\/v2\/types\/page"}],"author":[{"embeddable":true,"href":"https:\/\/cg-ludwigsburg.de\/cms\/index.php?rest_route=\/wp\/v2\/users\/1"}],"replies":[{"embeddable":true,"href":"https:\/\/cg-ludwigsburg.de\/cms\/index.php?rest_route=%2Fwp%2Fv2%2Fcomments&post=146"}],"version-history":[{"count":13,"href":"https:\/\/cg-ludwigsburg.de\/cms\/index.php?rest_route=\/wp\/v2\/pages\/146\/revisions"}],"predecessor-version":[{"id":8257,"href":"https:\/\/cg-ludwigsburg.de\/cms\/index.php?rest_route=\/wp\/v2\/pages\/146\/revisions\/8257"}],"wp:attachment":[{"href":"https:\/\/cg-ludwigsburg.de\/cms\/index.php?rest_route=%2Fwp%2Fv2%2Fmedia&parent=146"}],"curies":[{"name":"wp","href":"https:\/\/api.w.org\/{rel}","templated":true}]}}