{"id":100,"date":"2020-10-19T16:14:35","date_gmt":"2020-10-19T14:14:35","guid":{"rendered":"https:\/\/cg-ludwigsburg.de\/cms\/?page_id=100"},"modified":"2021-05-09T20:20:38","modified_gmt":"2021-05-09T19:20:38","slug":"anfahrt","status":"publish","type":"page","link":"https:\/\/cg-ludwigsburg.de\/cms\/?page_id=100","title":{"rendered":"Info"},"content":{"rendered":"<div data-colibri-id=\"100-c1\" class=\"style-436 style-local-100-c1 position-relative\">\n  <!---->\n  <div data-colibri-component=\"section\" data-colibri-id=\"100-c2\" id=\"initial-content\" class=\"h-section h-section-global-spacing d-flex align-items-lg-center align-items-md-center align-items-center style-437 style-local-100-c2 position-relative\">\n    <!---->\n    <!---->\n    <div class=\"h-section-grid-container h-section-boxed-container\">\n      <!---->\n      <div data-colibri-id=\"100-c3\" class=\"h-row-container gutters-row-lg-2 gutters-row-md-2 gutters-row-0 gutters-row-v-lg-2 gutters-row-v-md-2 gutters-row-v-2 style-441 style-local-100-c3 position-relative\">\n        <!---->\n        <div class=\"h-row justify-content-lg-center justify-content-md-center justify-content-center align-items-lg-stretch align-items-md-stretch align-items-stretch gutters-col-lg-2 gutters-col-md-2 gutters-col-0 gutters-col-v-lg-2 gutters-col-v-md-2 gutters-col-v-2\">\n          <!---->\n          <div class=\"h-column h-column-container d-flex h-col-lg-auto h-col-md-auto h-col-auto style-442-outer style-local-100-c4-outer\">\n            <div data-colibri-id=\"100-c4\" class=\"d-flex h-flex-basis h-column__inner h-px-lg-2 h-px-md-2 h-px-2 v-inner-lg-2 v-inner-md-2 v-inner-2 style-442 style-local-100-c4 position-relative\">\n              <!---->\n              <!---->\n              <div class=\"w-100 h-y-container h-column__content h-column__v-align flex-basis-100 align-self-lg-start align-self-md-start align-self-start\">\n                <!---->\n                <div data-colibri-id=\"100-c5\" class=\"h-x-container style-452 style-local-100-c5 position-relative h-element\">\n                  <!---->\n                  <div class=\"h-x-container-inner style-dynamic-100-c5-group style-452-spacing style-local-100-c5-spacing\"><span class=\"h-link__outer style-453-outer style-local-100-c6-outer d-inline-flex h-element\"><a h-use-smooth-scroll=\"true\" href=\"https:\/\/cg-ludwigsburg.de\/cms\"  data-colibri-id=\"100-c6\" class=\"d-flex w-100 align-items-center h-link style-453 style-local-100-c6 position-relative\"><!----><span  class=\"h-svg-icon h-link__icon style-453-icon style-local-100-c6-icon\"><!--Icon by Font Awesome (https:\/\/fontawesome.com)--><svg version=\"1.1\" xmlns=\"http:\/\/www.w3.org\/2000\/svg\" xmlns:xlink=\"http:\/\/www.w3.org\/1999\/xlink\" id=\"arrow-left\" viewBox=\"0 0 1536 1896.0833\"><path d=\"M1536 896v128q0 53-32.5 90.5T1419 1152H715l293 294q38 36 38 90t-38 90l-75 76q-37 37-90 37-52 0-91-37l-651-652q-37-37-37-90 0-52 37-91l651-650q38-38 91-38 52 0 90 38l75 74q38 38 38 91t-38 91L715 768h704q52 0 84.5 37.5T1536 896z\"><\/path><\/svg><\/span>                    <span>zur\u00fcck<\/span><\/a>\n                    <\/span>\n                  <\/div>\n                <\/div>\n                <div data-colibri-id=\"100-c7\" class=\"h-text h-text-component style-444 style-local-100-c7 position-relative h-element\">\n                  <!---->\n                  <!---->\n                  <div class=\"\">\n                    <h5><strong style=\"color: rgb(0, 51, 102); font-family: Verdana, Geneva;\">Information&nbsp;&nbsp;&nbsp;&nbsp;&nbsp;&nbsp;&nbsp;&nbsp;&nbsp;&nbsp;&nbsp;&nbsp;&nbsp;&nbsp;&nbsp;&nbsp;&nbsp;&nbsp;&nbsp;&nbsp;&nbsp;&nbsp;&nbsp;&nbsp;&nbsp;&nbsp;<\/strong><\/h5>\n                    <p>Informationen zum Brotbrechen f\u00fcr unsere Besucher <\/p>\n                    <p>Gerne empfangen wir sonntagsmorgens Besucher, die mit uns gemeinsam das Brot brechen m\u00f6chten (ab 09:30 Uhr).<\/p>\n                    <p>Wir halten das Zusammenkommen zum Ged\u00e4chtnis an den Tod des Herrn Jesus Christus f\u00fcr sehr wichtig und m\u00f6chten daher gern wissen, mit wem wir gemeinsam das Brot brechen. Daher m\u00f6chten wir einander gern vorher kennenlernen, damit die\n                      Gemeinschaft am Tisch unseres Herrn in einer Ihm w\u00fcrdigen Weise stattfinden kann.<\/p>\n                    <p>Wir m\u00f6chten diese enge Gemeinschaft mit jedem Christen haben, der auch in enger Gemeinschaft mit Jesus Christus lebt. Deshalb fordern wir keine weiteren Bedingungen, um miteinander das Brot zu brechen, als diese, die Gottes Wort auch\n                      von uns fordert, n\u00e4mlich eine, klare Bekehrung zu Gott (siehe z.B. 2. Korinther 6,14-18), klare Stellung zur S\u00fcnde (selbst nicht bewusst in einer S\u00fcnde verharren, noch dulden, dass jemand innerhalb der Gemeinde darin verharrt; siehe\n                      z.B. 1. Korinther 5), klare Stellung zum Wort Gottes (Irrlehren weder im eigenen Leben vertreten noch innerhalb der Gemeinde dulden; siehe z.B. Galater 5,1-12 oder 2. Johannesbrief 9).<\/p>\n                    <p>Unter Irrlehren verstehen wir Lehren, welche die Fundamente des Christentums untergraben (z.B. falsche Lehren \u00fcber die Person des Herrn Jesus Christus, Leugnung seiner Menschheit oder Gottheit, Leugnung der Auferstehung, der Unfehlbarkeit\n                      der Bibel, des ewigen Gerichts [Allvers\u00f6hnung], der Vollg\u00fcltigkeit des Werkes Christi).<\/p>\n                  <\/div>\n                <\/div>\n                <div data-colibri-id=\"100-c8\" class=\"h-x-container style-445 style-local-100-c8 position-relative h-element\">\n                  <!---->\n                  <div class=\"h-x-container-inner style-dynamic-100-c8-group style-445-spacing style-local-100-c8-spacing\"><span class=\"h-link__outer style-446-outer style-local-100-c9-outer d-inline-flex h-element\"><a h-use-smooth-scroll=\"true\" href=\"https:\/\/cg-ludwigsburg.de\/cms\"  data-colibri-id=\"100-c9\" class=\"d-flex w-100 align-items-center h-link style-446 style-local-100-c9 position-relative\"><!----><span  class=\"h-svg-icon h-link__icon style-446-icon style-local-100-c9-icon\"><!--Icon by Font Awesome (https:\/\/fontawesome.com)--><svg version=\"1.1\" xmlns=\"http:\/\/www.w3.org\/2000\/svg\" xmlns:xlink=\"http:\/\/www.w3.org\/1999\/xlink\" id=\"arrow-left\" viewBox=\"0 0 1536 1896.0833\"><path d=\"M1536 896v128q0 53-32.5 90.5T1419 1152H715l293 294q38 36 38 90t-38 90l-75 76q-37 37-90 37-52 0-91-37l-651-652q-37-37-37-90 0-52 37-91l651-650q38-38 91-38 52 0 90 38l75 74q38 38 38 91t-38 91L715 768h704q52 0 84.5 37.5T1536 896z\"><\/path><\/svg><\/span>                    <span>zur\u00fcck<\/span><\/a>\n                    <\/span>\n                  <\/div>\n                <\/div>\n              <\/div>\n            <\/div>\n          <\/div>\n          <div class=\"h-column h-column-container d-flex h-col-lg-auto h-col-md-auto h-col-auto style-451-outer style-local-100-c10-outer\">\n            <div data-colibri-id=\"100-c10\" class=\"d-flex h-flex-basis h-column__inner h-ui-empty-state-container h-px-lg-2 h-px-md-2 h-px-2 v-inner-lg-2 v-inner-md-2 v-inner-2 style-451 style-local-100-c10 position-relative\">\n              <!---->\n              <!---->\n              <div class=\"w-100 h-y-container h-column__content h-column__v-align flex-basis-100\">\n                <!---->\n              <\/div>\n            <\/div>\n          <\/div>\n          <div class=\"h-column h-column-container d-flex h-col-lg-auto h-col-md-auto h-col-auto style-443-outer style-local-100-c11-outer\">\n            <div data-colibri-id=\"100-c11\" class=\"d-flex h-flex-basis h-column__inner h-px-lg-2 h-px-md-2 h-px-2 v-inner-lg-2 v-inner-md-2 v-inner-2 style-443 style-local-100-c11 position-relative\">\n              <!---->\n              <!---->\n              <div class=\"w-100 h-y-container h-column__content h-column__v-align flex-basis-100 align-self-lg-start align-self-md-start align-self-start\">\n                <!---->\n                <div data-colibri-id=\"100-c12\" class=\"h-global-transition-all h-heading style-448 style-local-100-c12 position-relative h-element\">\n                  <!---->\n                  <div class=\"h-heading__outer style-448 style-local-100-c12\">\n                    <!---->\n                    <!---->\n                    <h2 class=\"\">Impuls f\u00fcr den Tag<\/h2>\n                  <\/div>\n                <\/div>\n                <div data-colibri-id=\"100-c13\" class=\"h-text h-text-component style-450 style-local-100-c13 position-relative h-element\">\n                  <!---->\n                  <!---->\n                  <div class=\"\">\n                    <p>hier finden Sie einen kurzen nachdenklichen Text f\u00fcr jeden Tag.<\/p>\n                  <\/div>\n                <\/div>\n                <div data-colibri-id=\"100-c14\" class=\"h-text h-text-component style-447 style-local-100-c14 position-relative h-element\">\n                  <!---->\n                  <!---->\n                  <div class=\"\">\n                    <p>Kalender &#8222;die Gute Saat&#8220;<\/p>\n                  <\/div>\n                <\/div>\n                <div data-colibri-id=\"100-c15\" class=\"d-block style-449 style-local-100-c15 position-relative h-element\">\n                  <!---->\n                  <div class=\"h-image__frame-container-outer\">\n                    <a href=\"https:\/\/cg-ludwigsburg.de\/cms\/?page_id=83\" h-use-smooth-scroll=\"true\" class=\"image-link\">\n                      <div class=\"h-image__frame-container\">\n                        <!---->\n                        <!---->\n                        <img loading=\"lazy\" decoding=\"async\" width=\"125\" height=\"191\" src=\"https:\/\/cg-ludwigsburg.de\/cms\/wp-content\/uploads\/2020\/10\/cropped-cropped-die-gute-saat-2020-buchkalender-paperback191x191-1.jpg\" class=\"wp-image-783 style-449-image style-local-100-c15-image\" alt=\"\" \/>\n                        <div class=\"h-image__frame h-hide-lg h-hide-md h-hide-sm style-449-frameImage style-local-100-c15-frameImage\"><\/div>\n                      <\/div>\n                    <\/a>\n                  <\/div>\n                <\/div>\n                <div data-colibri-id=\"100-c16\" class=\"h-text h-text-component style-454 style-local-100-c16 position-relative h-element\">\n                  <!---->\n                  <!---->\n                  <div class=\"\">\n                    <p>Kalender &#8222;Leben ist mehr&#8220;<\/p>\n                  <\/div>\n                <\/div>\n                <div data-colibri-id=\"100-c17\" class=\"d-block style-455 style-local-100-c17 position-relative h-element\">\n                  <!---->\n                  <div class=\"h-image__frame-container-outer\">\n                    <a href=\"https:\/\/www.lebenistmehr.de\/leben-ist-mehr.html\" target=\"_blank\" h-use-smooth-scroll=\"true\" class=\"image-link\" rel=\"noopener\">\n                      <div class=\"h-image__frame-container\">\n                        <!---->\n                        <!---->\n                        <img loading=\"lazy\" decoding=\"async\" width=\"194\" height=\"275\" src=\"https:\/\/cg-ludwigsburg.de\/cms\/wp-content\/uploads\/2020\/10\/cropped-cropped-leben-ist-mehr-2020-paperback191-1.jpg\" class=\"wp-image-819 style-455-image style-local-100-c17-image\" alt=\"\" \/>\n                        <div class=\"h-image__frame h-hide-lg h-hide-md h-hide-sm style-455-frameImage style-local-100-c17-frameImage\"><\/div>\n                      <\/div>\n                    <\/a>\n                  <\/div>\n                <\/div>\n              <\/div>\n            <\/div>\n          <\/div>\n        <\/div>\n      <\/div>\n    <\/div>\n  <\/div>\n  <div data-colibri-component=\"section\" data-colibri-id=\"100-c22\" id=\"reusable-sections\" class=\"h-section h-section-global-spacing d-flex align-items-lg-center align-items-md-center align-items-center style-1389 style-local-100-c22 position-relative\">\n    <!---->\n    <!---->\n    <div class=\"h-section-grid-container h-section-boxed-container\">\n      <!---->\n      <div data-colibri-id=\"100-c23\" class=\"h-row-container gutters-row-lg-2 gutters-row-md-2 gutters-row-0 gutters-row-v-lg-2 gutters-row-v-md-2 gutters-row-v-2 style-1393 style-local-100-c23 position-relative\">\n        <!---->\n        <div class=\"h-row justify-content-lg-center justify-content-md-center justify-content-center align-items-lg-stretch align-items-md-stretch align-items-stretch gutters-col-lg-2 gutters-col-md-2 gutters-col-0 gutters-col-v-lg-2 gutters-col-v-md-2 gutters-col-v-2\">\n          <!---->\n          <div class=\"h-column h-column-container d-flex h-col-lg-auto h-col-md-auto h-col-auto style-1394-outer style-local-100-c24-outer\">\n            <div data-colibri-id=\"100-c24\" class=\"d-flex h-flex-basis h-column__inner h-px-lg-2 h-px-md-2 h-px-2 v-inner-lg-2 v-inner-md-2 v-inner-2 style-1394 style-local-100-c24 position-relative\">\n              <!---->\n              <!---->\n              <div class=\"w-100 h-y-container h-column__content h-column__v-align flex-basis-100 align-self-lg-start align-self-md-start align-self-start\">\n                <!---->\n                <div data-colibri-id=\"100-c25\" class=\"h-text h-text-component style-1395 style-local-100-c25 position-relative h-element\">\n                  <!---->\n                  <!---->\n                  <div class=\"\">\n                    <p>\n                      <br>hier finden Sie empfehlenswerte Links:\n                      <br>\n                    <\/p>\n                  <\/div>\n                <\/div>\n              <\/div>\n            <\/div>\n          <\/div>\n        <\/div>\n      <\/div>\n      <div data-colibri-id=\"100-c26\" class=\"h-row-container gutters-row-lg-2 gutters-row-md-2 gutters-row-0 gutters-row-v-lg-2 gutters-row-v-md-2 gutters-row-v-2 style-1390 style-local-100-c26 position-relative\">\n        <!---->\n        <div class=\"h-row justify-content-lg-center justify-content-md-center justify-content-center align-items-lg-stretch align-items-md-stretch align-items-stretch gutters-col-lg-2 gutters-col-md-2 gutters-col-0 gutters-col-v-lg-2 gutters-col-v-md-2 gutters-col-v-2\">\n          <!---->\n          <div class=\"h-column h-column-container d-flex h-col-lg-auto h-col-md-auto h-col-auto style-1391-outer style-local-100-c27-outer\">\n            <div data-colibri-id=\"100-c27\" class=\"d-flex h-flex-basis h-column__inner h-px-lg-2 h-px-md-2 h-px-2 v-inner-lg-2 v-inner-md-2 v-inner-2 style-1391 style-local-100-c27 position-relative\">\n              <!---->\n              <!---->\n              <div class=\"w-100 h-y-container h-column__content h-column__v-align flex-basis-100 align-self-lg-start align-self-md-start align-self-start\">\n                <!---->\n                <div data-colibri-id=\"100-c28\" class=\"style-1392 style-local-100-c28 position-relative h-element\">\n                  <!---->\n                  <div>\n                    \n\n                  <\/div>\n                <\/div>\n              <\/div>\n            <\/div>\n          <\/div>\n        <\/div>\n      <\/div>\n    <\/div>\n  <\/div>\n<\/div>","protected":false},"excerpt":{"rendered":"<p>zur\u00fcck Information&nbsp;&nbsp;&nbsp;&nbsp;&nbsp;&nbsp;&nbsp;&nbsp;&nbsp;&nbsp;&nbsp;&nbsp;&nbsp;&nbsp;&nbsp;&nbsp;&nbsp;&nbsp;&nbsp;&nbsp;&nbsp;&nbsp;&nbsp;&nbsp;&nbsp;&nbsp; Informationen zum Brotbrechen f\u00fcr unsere Besucher Gerne empfangen wir sonntagsmorgens Besucher, die mit uns gemeinsam das Brot brechen m\u00f6chten (ab 09:30 Uhr). Wir halten das Zusammenkommen zum Ged\u00e4chtnis an den Tod des Herrn Jesus Christus f\u00fcr sehr wichtig und m\u00f6chten daher gern wissen, mit wem wir gemeinsam das Brot brechen. Daher m\u00f6chten wir [&hellip;]<\/p>\n","protected":false},"author":1,"featured_media":0,"parent":0,"menu_order":0,"comment_status":"closed","ping_status":"closed","template":"page-templates\/full-width-page.php","meta":{"footnotes":""},"class_list":["post-100","page","type-page","status-publish","hentry"],"_links":{"self":[{"href":"https:\/\/cg-ludwigsburg.de\/cms\/index.php?rest_route=\/wp\/v2\/pages\/100","targetHints":{"allow":["GET"]}}],"collection":[{"href":"https:\/\/cg-ludwigsburg.de\/cms\/index.php?rest_route=\/wp\/v2\/pages"}],"about":[{"href":"https:\/\/cg-ludwigsburg.de\/cms\/index.php?rest_route=\/wp\/v2\/types\/page"}],"author":[{"embeddable":true,"href":"https:\/\/cg-ludwigsburg.de\/cms\/index.php?rest_route=\/wp\/v2\/users\/1"}],"replies":[{"embeddable":true,"href":"https:\/\/cg-ludwigsburg.de\/cms\/index.php?rest_route=%2Fwp%2Fv2%2Fcomments&post=100"}],"version-history":[{"count":20,"href":"https:\/\/cg-ludwigsburg.de\/cms\/index.php?rest_route=\/wp\/v2\/pages\/100\/revisions"}],"predecessor-version":[{"id":3553,"href":"https:\/\/cg-ludwigsburg.de\/cms\/index.php?rest_route=\/wp\/v2\/pages\/100\/revisions\/3553"}],"wp:attachment":[{"href":"https:\/\/cg-ludwigsburg.de\/cms\/index.php?rest_route=%2Fwp%2Fv2%2Fmedia&parent=100"}],"curies":[{"name":"wp","href":"https:\/\/api.w.org\/{rel}","templated":true}]}}